{"id":53,"date":"2020-11-01T13:36:18","date_gmt":"2020-11-01T12:36:18","guid":{"rendered":"https:\/\/www.actr.sk\/?page_id=53"},"modified":"2025-04-13T19:15:50","modified_gmt":"2025-04-13T17:15:50","slug":"historia-zboru","status":"publish","type":"page","link":"https:\/\/www.actr.sk\/?page_id=53","title":{"rendered":"Hist\u00f3ria zboru"},"content":{"rendered":"\n<p>V&nbsp;Tur\u010dianskych Tepliciach a&nbsp;okol\u00ed boli znovuzroden\u00ed kres\u0165ania u\u017e v&nbsp;\u010dase po druhej svetovej vojne. Nav\u0161tevovali Evanjelick\u00fa cirkev, alebo Kres\u0165ansk\u00e9 zbory v&nbsp;Martine. Mnoh\u00ed z nich sa&nbsp;modlili&nbsp;za duchovn\u00e9 prebudenie, ktor\u00e9 by zasiahlo horn\u00fd Turiec.&nbsp;Tieto modlitby v\u0161ak priniesli ovocie a\u017e&nbsp;po roku 1989. V&nbsp;polovici osemdesiatych rokov sa v&nbsp;zbore Apo\u0161tolskej cirkvi v&nbsp;Bratislave obr\u00e1tili man\u017eelia&nbsp;Badovci z Martina, ktor\u00ed sa e\u0161te v&nbsp;\u010dase pred ne\u017enou revol\u00faciou za\u010dali pravidelne stret\u00e1va\u0165 s&nbsp;\u010fal\u0161\u00edmi znovuzroden\u00fdmi kres\u0165anmi.&nbsp;Vytvorili tak mal\u00fa skupinku,&nbsp;ktor\u00e1 sa postupne rozr\u00e1stla. Stretnutia v s\u00fakrom\u00ed \u010dasom prer\u00e1stli do verejn\u00fdch stretnut\u00ed v priestoroch \u017diveny v Martine.<\/p>\n\n\n\n<p><strong>PRECHODN\u00c9 OBDOBIE<\/strong><strong><\/strong><\/p>\n\n\n\n<p>Man\u017eelia Badovci sa v&nbsp;roku 1990 pres\u0165ahovali do Tur\u010dianskych Tepl\u00edc, ale st\u00e1le nav\u0161tevovali stretnutia v \u017divene v Martine. Po ne\u017enej revol\u00facii sa otvoril priestor aj pre&nbsp;verejn\u00e9&nbsp;evanjeliz\u00e1cie. V&nbsp;septembri&nbsp;roku 1991&nbsp;pri\u0161iel&nbsp;do Tur\u010dianskych Tepliciach brat Pavol Gab\u00e1nek, ktor\u00fd prezentoval v&nbsp;kult\u00farnom dome svoju&nbsp;cestu&nbsp;po Izraeli.&nbsp;S\u00fa\u010das\u0165ou programu bola aj&nbsp;evanjeliz\u00e1cia&nbsp;a k\u00e1zanie Bo\u017eieho slova.&nbsp;Niektor\u00ed z \u00fa\u010dastn\u00edkov prezent\u00e1cie za\u017eili bo\u017e\u00ed dotyk a postupne sa za\u010dalo prebudenie aj v Tur\u010dianskych Tepliciach. Badovci otvorili svoj rodinn\u00fd dom pre stretnutia novo obr\u00e1ten\u00fdch veriacich. Na t\u00fdchto stretnutiach a tie\u017e na stretnutiach v \u017divene v Martine mnoh\u00ed odovzd\u00e1vali svoj \u017eivot Bohu a a boli krsten\u00ed Duchom Sv\u00e4t\u00fdm. Duchovn\u00e9 prebudenie sa takto roz\u0161\u00edrilo do viacer\u00fdch rod\u00edn, ako v Martine, tak v Tur\u010dianskych Tepliciach. Skupinka sa za\u010dala rozrasta\u0165 a na pravideln\u00e9 stretnutia v \u017divene \u010dasto prich\u00e1dzali sl\u00fa\u017ei\u0165 r\u00f4zni bratia z Apo\u0161tolskej cirkvi. V roku 1992 bol v Martine z tejto skupiny veriacich ofici\u00e1lne ustanoven\u00fd zbor Apo\u0161tolskej cirkvi, ktor\u00e9ho veden\u00edm bol poveren\u00fd brat Pavol Vimpel. <\/p>\n\n\n\n<p><strong>ZBOROV\u00c1 STANICA<\/strong><strong><\/strong><\/p>\n\n\n\n<p>S\u00fa\u010dasne so vznikom zboru Apo\u0161tolskej cirkvi v&nbsp;Martine sa datuje aj za\u010diatok existencie zborovej stanice&nbsp;v Tur\u010dianskych Tepliciach. Veriaci z&nbsp;Tur\u010dianskych Tepl\u00edc sa stret\u00e1vali,&nbsp;spolu s&nbsp;ostatn\u00fdmi \u010dlenmi martinsk\u00e9ho zboru,&nbsp;na pravideln\u00fdch stretnutiach raz t\u00fd\u017edenne v rodinnom dome man\u017eelov Badovcov v Tur\u010dianskych Tepliciach a dva razy t\u00fd\u017edenne na bohoslu\u017eb\u00e1ch v Martine. V roku 1994 za\u010dala zborov\u00e1 stanica v Tur\u010dianskych Tepliciach fungova\u0165 samostatne a jej veden\u00edm bol poveren\u00fd brat Peter Uli\u010dn\u00fd. V tom obdob\u00ed sa veriaci za\u010dali sch\u00e1dza\u0165 dva razy t\u00fd\u017edenne na bohoslu\u017eb\u00e1ch v prenajat\u00fdch priestoroch starej \u0161koly.<\/p>\n\n\n\n<p><strong>ZBOR<\/strong><strong><\/strong><\/p>\n\n\n\n<p>V roku 1998 vznikol zo zborovej stanice&nbsp;zbor Apo\u0161tolskej cirkvi v&nbsp;Tur\u010dianskych Tepliciach. Pastorom sa stal brat Peter Uli\u010dn\u00fd, dovtedy zodpovedn\u00fd za vedenie zborovej stanice. Nesk\u00f4r si zbor na \u00fa\u010dely pravideln\u00fdch stretnut\u00ed a bohoslu\u017eieb prenajal priestory klubu d\u00f4chodcov, kde sa veriaci sch\u00e1dzali a\u017e do roku 2006.&nbsp;V&nbsp;roku 2002 zbor k\u00fapil star\u0161\u00ed rodinn\u00fd dom&nbsp;a&nbsp;prestaval&nbsp;ho na modliteb\u0148u, ktor\u00fa otvoril v&nbsp;roku 2006.&nbsp;V roku 2017 sa stal pastorom zboru brat Roman Pavl\u00edk.<\/p>\n","protected":false},"excerpt":{"rendered":"<p>V&nbsp;Tur\u010dianskych Tepliciach a&nbsp;okol\u00ed boli znovuzroden\u00ed kres\u0165ania u\u017e v&nbsp;\u010dase po druhej svetovej vojne. Nav\u0161tevovali Evanjelick\u00fa cirkev, alebo Kres\u0165ansk\u00e9 zbory v&nbsp;Martine. Mnoh\u00ed z nich<\/p>\n<p class=\"link-more\"><a class=\"myButt \" href=\"https:\/\/www.actr.sk\/?page_id=53\">Read More<\/a><\/p>\n","protected":false},"author":1,"featured_media":0,"parent":0,"menu_order":0,"comment_status":"closed","ping_status":"closed","template":"","meta":{"_monsterinsights_skip_tracking":false,"_monsterinsights_sitenote_active":false,"_monsterinsights_sitenote_note":"","_monsterinsights_sitenote_category":0},"yoast_head":"<!-- This site is optimized with the Yoast SEO plugin v16.4 - https:\/\/yoast.com\/wordpress\/plugins\/seo\/ -->\n<title>Hist\u00f3ria zboru -<\/title>\n<meta name=\"robots\" content=\"index, follow, max-snippet:-1, max-image-preview:large, max-video-preview:-1\" \/>\n<link rel=\"canonical\" href=\"https:\/\/www.actr.sk\/?page_id=53\" \/>\n<meta property=\"og:locale\" content=\"sk_SK\" \/>\n<meta property=\"og:type\" content=\"article\" \/>\n<meta property=\"og:title\" content=\"Hist\u00f3ria zboru -\" \/>\n<meta property=\"og:description\" content=\"V&nbsp;Tur\u010dianskych Tepliciach a&nbsp;okol\u00ed boli znovuzroden\u00ed kres\u0165ania u\u017e v&nbsp;\u010dase po druhej svetovej vojne. Nav\u0161tevovali Evanjelick\u00fa cirkev, alebo Kres\u0165ansk\u00e9 zbory v&nbsp;Martine. Mnoh\u00ed z nichRead More\" \/>\n<meta property=\"og:url\" content=\"https:\/\/www.actr.sk\/?page_id=53\" \/>\n<meta property=\"article:modified_time\" content=\"2025-04-13T17:15:50+00:00\" \/>\n<meta name=\"twitter:card\" content=\"summary_large_image\" \/>\n<meta name=\"twitter:label1\" content=\"Predpokladan\u00fd \u010das \u010d\u00edtania\" \/>\n\t<meta name=\"twitter:data1\" content=\"2 min\u00faty\" \/>\n<script type=\"application\/ld+json\" class=\"yoast-schema-graph\">{\"@context\":\"https:\/\/schema.org\",\"@graph\":[{\"@type\":\"WebSite\",\"@id\":\"https:\/\/www.actr.sk\/#website\",\"url\":\"https:\/\/www.actr.sk\/\",\"name\":\"\",\"description\":\"\",\"potentialAction\":[{\"@type\":\"SearchAction\",\"target\":\"https:\/\/www.actr.sk\/?s={search_term_string}\",\"query-input\":\"required name=search_term_string\"}],\"inLanguage\":\"sk-SK\"},{\"@type\":\"WebPage\",\"@id\":\"https:\/\/www.actr.sk\/?page_id=53#webpage\",\"url\":\"https:\/\/www.actr.sk\/?page_id=53\",\"name\":\"Hist\\u00f3ria zboru -\",\"isPartOf\":{\"@id\":\"https:\/\/www.actr.sk\/#website\"},\"datePublished\":\"2020-11-01T12:36:18+00:00\",\"dateModified\":\"2025-04-13T17:15:50+00:00\",\"breadcrumb\":{\"@id\":\"https:\/\/www.actr.sk\/?page_id=53#breadcrumb\"},\"inLanguage\":\"sk-SK\",\"potentialAction\":[{\"@type\":\"ReadAction\",\"target\":[\"https:\/\/www.actr.sk\/?page_id=53\"]}]},{\"@type\":\"BreadcrumbList\",\"@id\":\"https:\/\/www.actr.sk\/?page_id=53#breadcrumb\",\"itemListElement\":[{\"@type\":\"ListItem\",\"position\":1,\"item\":{\"@type\":\"WebPage\",\"@id\":\"https:\/\/www.actr.sk\/\",\"url\":\"https:\/\/www.actr.sk\/\",\"name\":\"Home\"}},{\"@type\":\"ListItem\",\"position\":2,\"item\":{\"@id\":\"https:\/\/www.actr.sk\/?page_id=53#webpage\"}}]}]}<\/script>\n<!-- \/ Yoast SEO plugin. -->","_links":{"self":[{"href":"https:\/\/www.actr.sk\/index.php?rest_route=\/wp\/v2\/pages\/53"}],"collection":[{"href":"https:\/\/www.actr.sk\/index.php?rest_route=\/wp\/v2\/pages"}],"about":[{"href":"https:\/\/www.actr.sk\/index.php?rest_route=\/wp\/v2\/types\/page"}],"author":[{"embeddable":true,"href":"https:\/\/www.actr.sk\/index.php?rest_route=\/wp\/v2\/users\/1"}],"replies":[{"embeddable":true,"href":"https:\/\/www.actr.sk\/index.php?rest_route=%2Fwp%2Fv2%2Fcomments&post=53"}],"version-history":[{"count":3,"href":"https:\/\/www.actr.sk\/index.php?rest_route=\/wp\/v2\/pages\/53\/revisions"}],"predecessor-version":[{"id":164,"href":"https:\/\/www.actr.sk\/index.php?rest_route=\/wp\/v2\/pages\/53\/revisions\/164"}],"wp:attachment":[{"href":"https:\/\/www.actr.sk\/index.php?rest_route=%2Fwp%2Fv2%2Fmedia&parent=53"}],"curies":[{"name":"wp","href":"https:\/\/api.w.org\/{rel}","templated":true}]}}