{"id":55,"date":"2020-11-01T13:36:29","date_gmt":"2020-11-01T12:36:29","guid":{"rendered":"https:\/\/www.actr.sk\/?page_id=55"},"modified":"2020-11-01T14:46:11","modified_gmt":"2020-11-01T13:46:11","slug":"kto-sme","status":"publish","type":"page","link":"https:\/\/www.actr.sk\/?page_id=55","title":{"rendered":"Kto sme"},"content":{"rendered":"\n<p>Apo\u0161tolsk\u00e1 cirkev na Slovensku je vo svojej podstate protestantsk\u00e1 cirkev, \u0161pecificky zameran\u00e1 evanjelik\u00e1lne, letni\u010dno-charizmatick\u00e9ho smeru.<\/p>\n\n\n\n<p>Je s\u00fa\u010das\u0165ou celosvetov\u00e9ho cirkevn\u00e9ho spolo\u010denstva Assemblies of God (AoG), ktor\u00e9 m\u00e1 po svete viac ako 67 mil. \u010dlenov a spolu s ostatn\u00fdmi letni\u010dn\u00fdmi a charizmatick\u00fdmi cirkevn\u00fdmi spolo\u010denstvami m\u00e1 750 mili\u00f3nov \u010dlenov &#8211; znovuzroden\u00fdch kres\u0165anov.<\/p>\n\n\n\n<p>V r\u00e1mci Eur\u00f3py patr\u00edme do Letni\u010dn\u00e9ho Eur\u00f3pskeho spolo\u010denstva (PEF), ktor\u00e9 m\u00e1 3,5 mili\u00f3na \u010dlenov.<\/p>\n\n\n\n<p>Po\u010diatky Apo\u0161tolskej cirkvi na Slovensku siahaj\u00fa do roku 1907. V tomto roku boli v oblasti Vysok\u00fdch Tatier a z\u00e1padn\u00e9ho Slovenska sformovan\u00e9 dom\u00e1ce zbory, ktor\u00fdch \u010dlenovia v roku 1924 za\u017eili sk\u00fasenos\u0165 krstu Duchom Sv\u00e4t\u00fdm a vytvorili prv\u00e9 spolo\u010denstv\u00e1 Apo\u0161tolskej viery na Slovensku. Apo\u0161tolsk\u00e1 viera na Slovensku bola v po\u010diatkoch mnoho rokov nepriamo ovplyv\u0148ovan\u00e1 Apo\u0161tolskou misiou &#8211; zalo\u017eenou v roku 1906 v Portlande v USA, ktor\u00e1 pravidelne posielala do miestnych cirkevn\u00fdch zborov slovensk\u00fa literat\u00faru a noviny. Niektor\u00ed z kazate\u013eov t\u00fdchto zborov boli v priamom kontakte s \u00fa\u010dastn\u00edkmi duchovn\u00e9ho prebudenia na Azusa Street, v Los Angeles &#8211; USA a s duchovn\u00fdm prebuden\u00edm v N\u00f3rsku.<\/p>\n\n\n\n<p>Napriek tomu, \u017ee jednotliv\u00e9 cirkevn\u00e9 zbory d\u00f4sledkom misijn\u00e9ho p\u00f4sobenia r\u00e1stli, Apo\u0161tolsk\u00e1 cirkev na Slovensku nepo\u017eiadala pred druhou svetovou vojnou o registr\u00e1ciu a tak ke\u010f v roku 1948 o registr\u00e1ciu sme po\u017eiadali nedostali sme ju, preto\u017ee pr\u00e1ve v tom \u010dase prevzal moc komunistick\u00fd re\u017eim. Mnoh\u00ed veriaci z existuj\u00facich zborov v tom \u010dase za\u010dali ma\u0165 probl\u00e9my. Boli pova\u017eovan\u00ed za ileg\u00e1lnu sektu, prenasledovan\u00ed, nesk\u00f4r obmedzovan\u00ed a trpen\u00ed a\u017e do roku 1977, ke\u010f bola prijat\u00e1 \u00dastava Apo\u0161tolskej cirkvi na Slovensku a sa stala \u0161t\u00e1tom uznanou cirkvou. Po\u010das cel\u00e9ho tohto obdobia cirkev existovala, a to napriek izol\u00e1cii od bratov a sestier vo svete. Prelomom v \u017eivote cirkvi bol rok 1989, ke\u010f pr\u00edchod demokracie umo\u017enil neskr\u00fdvan\u00fd vn\u00fatorn\u00fd \u017eivot a misijn\u00e9 p\u00f4sobenie cirkvi. V tomto obdob\u00ed mala Apo\u0161tolsk\u00e1 cirkev \u0161es\u0165 cirkevn\u00fdch zborov a 570 \u010dlenov, okrem det\u00ed a n\u00e1v\u0161tevn\u00edkov.<\/p>\n\n\n\n<p>V s\u00fa\u010dasnosti vzr\u00e1stol po\u010det cirkevn\u00fdch zborov na 36. Popri nich p\u00f4sob\u00ed pribli\u017ene 20 kazate\u013esk\u00fdch stan\u00edc a spolu s de\u0165mi a n\u00e1v\u0161tevn\u00edkmi m\u00e1 dnes 5831 \u013eud\u00ed. Cirkev vn\u00edma svoje poslanie v misijnom budovan\u00ed zborov na miestach, kde dobr\u00e1 spr\u00e1va evanjelia Je\u017ei\u0161a Krista e\u0161te neprenikla. Chce sl\u00fa\u017ei\u0165 svojim veriacim, aby v\u0161etk\u00fdch pripravila a vystrojila pre plnohodnotn\u00fd a Bohom po\u017eehnan\u00fd \u017eivot slu\u017eby. Cirkev vid\u00ed svoje poslanie taktie\u017e v prin\u00e1\u0161an\u00ed mor\u00e1lnych a etick\u00fdch hodn\u00f4t P\u00edsma do praktick\u00e9ho \u017eivota, ako aj v soci\u00e1lnej slu\u017ebe.<\/p>\n","protected":false},"excerpt":{"rendered":"<p>Apo\u0161tolsk\u00e1 cirkev na Slovensku je vo svojej podstate protestantsk\u00e1 cirkev, \u0161pecificky zameran\u00e1 evanjelik\u00e1lne, letni\u010dno-charizmatick\u00e9ho smeru. Je s\u00fa\u010das\u0165ou celosvetov\u00e9ho cirkevn\u00e9ho spolo\u010denstva Assemblies of<\/p>\n<p class=\"link-more\"><a class=\"myButt \" href=\"https:\/\/www.actr.sk\/?page_id=55\">Read More<\/a><\/p>\n","protected":false},"author":1,"featured_media":0,"parent":0,"menu_order":0,"comment_status":"closed","ping_status":"closed","template":"","meta":{"_monsterinsights_skip_tracking":false,"_monsterinsights_sitenote_active":false,"_monsterinsights_sitenote_note":"","_monsterinsights_sitenote_category":0},"yoast_head":"<!-- This site is optimized with the Yoast SEO plugin v16.4 - https:\/\/yoast.com\/wordpress\/plugins\/seo\/ -->\n<title>Kto sme -<\/title>\n<meta name=\"robots\" content=\"index, follow, max-snippet:-1, max-image-preview:large, max-video-preview:-1\" \/>\n<link rel=\"canonical\" href=\"https:\/\/www.actr.sk\/?page_id=55\" \/>\n<meta property=\"og:locale\" content=\"sk_SK\" \/>\n<meta property=\"og:type\" content=\"article\" \/>\n<meta property=\"og:title\" content=\"Kto sme -\" \/>\n<meta property=\"og:description\" content=\"Apo\u0161tolsk\u00e1 cirkev na Slovensku je vo svojej podstate protestantsk\u00e1 cirkev, \u0161pecificky zameran\u00e1 evanjelik\u00e1lne, letni\u010dno-charizmatick\u00e9ho smeru. Je s\u00fa\u010das\u0165ou celosvetov\u00e9ho cirkevn\u00e9ho spolo\u010denstva Assemblies ofRead More\" \/>\n<meta property=\"og:url\" content=\"https:\/\/www.actr.sk\/?page_id=55\" \/>\n<meta property=\"article:modified_time\" content=\"2020-11-01T13:46:11+00:00\" \/>\n<meta name=\"twitter:card\" content=\"summary_large_image\" \/>\n<meta name=\"twitter:label1\" content=\"Predpokladan\u00fd \u010das \u010d\u00edtania\" \/>\n\t<meta name=\"twitter:data1\" content=\"2 min\u00faty\" \/>\n<script type=\"application\/ld+json\" class=\"yoast-schema-graph\">{\"@context\":\"https:\/\/schema.org\",\"@graph\":[{\"@type\":\"WebSite\",\"@id\":\"https:\/\/www.actr.sk\/#website\",\"url\":\"https:\/\/www.actr.sk\/\",\"name\":\"\",\"description\":\"\",\"potentialAction\":[{\"@type\":\"SearchAction\",\"target\":\"https:\/\/www.actr.sk\/?s={search_term_string}\",\"query-input\":\"required name=search_term_string\"}],\"inLanguage\":\"sk-SK\"},{\"@type\":\"WebPage\",\"@id\":\"https:\/\/www.actr.sk\/?page_id=55#webpage\",\"url\":\"https:\/\/www.actr.sk\/?page_id=55\",\"name\":\"Kto sme -\",\"isPartOf\":{\"@id\":\"https:\/\/www.actr.sk\/#website\"},\"datePublished\":\"2020-11-01T12:36:29+00:00\",\"dateModified\":\"2020-11-01T13:46:11+00:00\",\"breadcrumb\":{\"@id\":\"https:\/\/www.actr.sk\/?page_id=55#breadcrumb\"},\"inLanguage\":\"sk-SK\",\"potentialAction\":[{\"@type\":\"ReadAction\",\"target\":[\"https:\/\/www.actr.sk\/?page_id=55\"]}]},{\"@type\":\"BreadcrumbList\",\"@id\":\"https:\/\/www.actr.sk\/?page_id=55#breadcrumb\",\"itemListElement\":[{\"@type\":\"ListItem\",\"position\":1,\"item\":{\"@type\":\"WebPage\",\"@id\":\"https:\/\/www.actr.sk\/\",\"url\":\"https:\/\/www.actr.sk\/\",\"name\":\"Home\"}},{\"@type\":\"ListItem\",\"position\":2,\"item\":{\"@id\":\"https:\/\/www.actr.sk\/?page_id=55#webpage\"}}]}]}<\/script>\n<!-- \/ Yoast SEO plugin. -->","_links":{"self":[{"href":"https:\/\/www.actr.sk\/index.php?rest_route=\/wp\/v2\/pages\/55"}],"collection":[{"href":"https:\/\/www.actr.sk\/index.php?rest_route=\/wp\/v2\/pages"}],"about":[{"href":"https:\/\/www.actr.sk\/index.php?rest_route=\/wp\/v2\/types\/page"}],"author":[{"embeddable":true,"href":"https:\/\/www.actr.sk\/index.php?rest_route=\/wp\/v2\/users\/1"}],"replies":[{"embeddable":true,"href":"https:\/\/www.actr.sk\/index.php?rest_route=%2Fwp%2Fv2%2Fcomments&post=55"}],"version-history":[{"count":1,"href":"https:\/\/www.actr.sk\/index.php?rest_route=\/wp\/v2\/pages\/55\/revisions"}],"predecessor-version":[{"id":56,"href":"https:\/\/www.actr.sk\/index.php?rest_route=\/wp\/v2\/pages\/55\/revisions\/56"}],"wp:attachment":[{"href":"https:\/\/www.actr.sk\/index.php?rest_route=%2Fwp%2Fv2%2Fmedia&parent=55"}],"curies":[{"name":"wp","href":"https:\/\/api.w.org\/{rel}","templated":true}]}}